{"id":2047,"date":"2015-08-08T07:33:30","date_gmt":"2015-08-08T07:33:30","guid":{"rendered":"http:\/\/www.tc-freiweg.de\/?page_id=2047"},"modified":"2025-09-25T21:03:13","modified_gmt":"2025-09-25T21:03:13","slug":"neue-jugendgruppe","status":"publish","type":"page","link":"http:\/\/www.tc-freiweg.de\/?page_id=2047","title":{"rendered":"Ausbildung"},"content":{"rendered":"<p><span style=\"color: #000000;\">Du bist 8 Jahre oder \u00e4lter, suchst eine neue Herausforderung f\u00fcr Deine Freizeit,<\/span><br \/><span style=\"color: #000000;\">mit toller Kameradschaft, neuen Freunden und m\u00f6chtest gerne ein Instrument wie Trommel, Querfl\u00f6te, Lyra, Pauke oder Becken erlernen?<\/span><br \/><span style=\"color: #000000;\">Dann ist das Tambourcorps \u201eFrei-Weg\u201c Wachtendonk genau das Richtige f\u00fcr Dich!<\/span><br \/><span style=\"color: #000000;\">Bei uns ist jeder herzlich Willkommen!<br \/><\/span><\/p>\n<p><span style=\"color: #000000;\">F\u00fcr die Ausbildung und Proben des Tambourcorps \u201eFrei-Weg\u201c Wachtendonk steht ein in Eigenleistung erstelltes Vereinsheim mit Sanit\u00e4renanlagen und einer kleinen K\u00fcche zur Verf\u00fcgung.<\/span><br \/><span style=\"color: #000000;\">(In der Michael-Grundschule, Eingang \u00fcber den Hinterhof)<a style=\"color: #000000;\" href=\"http:\/\/www.tc-freiweg.de\/wp-content\/uploads\/2012\/02\/Eingang.jpg\"><img decoding=\"async\" loading=\"lazy\" class=\" wp-image-1916 alignright\" src=\"http:\/\/www.tc-freiweg.de\/wp-content\/uploads\/2012\/02\/Eingang.jpg\" alt=\"Eingang\" width=\"149\" height=\"112\" srcset=\"http:\/\/www.tc-freiweg.de\/wp-content\/uploads\/2012\/02\/Eingang.jpg 640w, http:\/\/www.tc-freiweg.de\/wp-content\/uploads\/2012\/02\/Eingang-300x225.jpg 300w, http:\/\/www.tc-freiweg.de\/wp-content\/uploads\/2012\/02\/Eingang-570x428.jpg 570w\" sizes=\"(max-width: 149px) 100vw, 149px\" \/><br \/><\/a><\/span>\u00a0\u00a0<span style=\"color: #000000;\"> \u00a0 \u00a0 \u00a0 \u00a0 \u00a0 \u00a0 \u00a0 \u00a0 \u00a0 \u00a0 \u00a0 \u00a0 \u00a0 \u00a0 \u00a0 \u00a0 \u00a0 \u00a0 \u00a0 \u00a0 \u00a0 \u00a0 \u00a0 \u00a0 \u00a0 \u00a0 \u00a0 \u00a0 \u00a0 \u00a0 \u00a0 \u00a0 \u00a0 \u00a0\u00a0<\/span><br \/><span style=\"color: #000000;\">Die Gesamtproben finden jeden<\/span><br \/><span style=\"color: #000000;\"><strong style=\"line-height: 1.5;\">&#8211; Mittwoch von 19:00 Uhr bis 20:00 Uhr &#8211;<\/strong><span style=\"line-height: 1.5;\"> in unserem Vereinsheim statt.<\/span><\/span><\/p>\n<p><span style=\"color: #000000;\">F\u00fcr unsere Jugendausbildung finden die Proben,<\/span><br \/><span style=\"color: #000000;\">nach Absprache <em>einmal die Woche f\u00fcr ca. 1 Std<\/em>.,\u00a0ebenfalls in unserem Vereinsheim statt.<br \/><\/span><br \/><span style=\"color: #000000;\">Zur Zeit findet die <strong>Trommel-Ausbildung<\/strong> immer <strong>montags <\/strong>statt.<br \/>Die <strong>Fl\u00f6ten-Ausbildung <\/strong>ist momentan <strong>montags<\/strong><\/span><span style=\"color: #000000;\"><strong>, von 16:15 \u2013 17:30 Uhr, <br \/>und mittwochs von 17:30 &#8211; 18:30 Uhr.<br \/><\/strong>Die <strong>Lyra-Ausbildung<\/strong>\u00a0findet erst mal mit den Fl\u00f6ten gemeinsam statt,<\/span><br \/><span style=\"color: #000000;\"> bis die Grundausbildung des Notenlesens abgeschlossen ist.<br \/>Es besteht auch die M\u00f6glichkeit, einen anderen Termin f\u00fcr die Ausbildung zu suchen.<\/span><\/p>\n<p><span style=\"color: #000000;\">Die Ausbildung nach Noten erfolgt durch eigene aktive Mitglieder des Vereins.<\/span><br \/><span style=\"color: #000000;\">Bei uns braucht man keinerlei Vorkenntnisse im Bereich Musik oder Notenlesen!<\/span><\/p>\n<p><span style=\"color: #000000;\">Wer gerne bei uns mit einsteigen m\u00f6chte, sich aber noch nicht angemeldet hat,<br \/>kann sich sehr gerne bei uns melden!<br \/>Da wir die Proben individuell gestalten, ist auch ein sp\u00e4terer Einstieg in die Gruppen m\u00f6glich&#8230;<br \/><\/span><\/p>\n<p><span style=\"color: #000000;\">Bei uns gibt es keine K\u00fcndigungsfrist, sodass ein Ausstieg jederzeit m\u00f6glich ist.<\/span><br \/><span style=\"color: #000000;\">Also &#8211; Worauf wartest Du noch??<\/span><br \/><span style=\"color: #000000;\">Komm vorbei und schnupper etwas Musikluft in toller kameradschaftlicher Atmosph\u00e4re.<\/span><\/p>\n<p><strong><span style=\"color: #339966;\">Nach den Herbstferien 2025 starten wir mit einer neuen Jugendgruppe.<br \/>W<\/span><\/strong><strong><span style=\"color: #339966;\">enn du Interesse hast mit zu machen, dann komm einfach vorbei oder melde Dich bei uns&#8230;\u00a0 <\/span><\/strong><\/p>\n<p><span style=\"color: #000000;\">Ein kleiner Einblick in unsere Proben:<\/span><\/p>\n<p><span style=\"color: #000000;\"><a href=\"http:\/\/www.tc-freiweg.de\/wp-content\/uploads\/2012\/02\/IMG_8317.jpg\"><img decoding=\"async\" loading=\"lazy\" class=\"wp-image-1949 alignleft\" src=\"http:\/\/www.tc-freiweg.de\/wp-content\/uploads\/2012\/02\/IMG_8317.jpg\" alt=\"IMG_8317\" width=\"237\" height=\"178\" srcset=\"http:\/\/www.tc-freiweg.de\/wp-content\/uploads\/2012\/02\/IMG_8317.jpg 640w, http:\/\/www.tc-freiweg.de\/wp-content\/uploads\/2012\/02\/IMG_8317-300x225.jpg 300w, http:\/\/www.tc-freiweg.de\/wp-content\/uploads\/2012\/02\/IMG_8317-570x428.jpg 570w\" sizes=\"(max-width: 237px) 100vw, 237px\" \/><\/a><a href=\"http:\/\/www.tc-freiweg.de\/wp-content\/uploads\/2012\/02\/IMG_8318.jpg\"><img decoding=\"async\" loading=\"lazy\" class=\"alignleft wp-image-1950\" src=\"http:\/\/www.tc-freiweg.de\/wp-content\/uploads\/2012\/02\/IMG_8318.jpg\" alt=\"Probe\" width=\"153\" height=\"204\" srcset=\"http:\/\/www.tc-freiweg.de\/wp-content\/uploads\/2012\/02\/IMG_8318.jpg 640w, http:\/\/www.tc-freiweg.de\/wp-content\/uploads\/2012\/02\/IMG_8318-225x300.jpg 225w, http:\/\/www.tc-freiweg.de\/wp-content\/uploads\/2012\/02\/IMG_8318-570x760.jpg 570w\" sizes=\"(max-width: 153px) 100vw, 153px\" \/><\/a><br \/><\/span><\/p>\n<p><a href=\"http:\/\/www.tc-freiweg.de\/wp-content\/uploads\/2012\/02\/IMG_8315.jpg\"><img decoding=\"async\" loading=\"lazy\" class=\"wp-image-1948 alignnone\" src=\"http:\/\/www.tc-freiweg.de\/wp-content\/uploads\/2012\/02\/IMG_8315.jpg\" alt=\"IMG_8315\" width=\"237\" height=\"178\" srcset=\"http:\/\/www.tc-freiweg.de\/wp-content\/uploads\/2012\/02\/IMG_8315.jpg 640w, http:\/\/www.tc-freiweg.de\/wp-content\/uploads\/2012\/02\/IMG_8315-300x225.jpg 300w, http:\/\/www.tc-freiweg.de\/wp-content\/uploads\/2012\/02\/IMG_8315-570x428.jpg 570w\" sizes=\"(max-width: 237px) 100vw, 237px\" \/><\/a><\/p>\n<p><span style=\"color: #000000;\"><br \/>Hier noch ein paar allgemeine Informationen:<\/span><\/p>\n<figure class=\"wp-block-image size-large\"><a href=\"http:\/\/www.tc-freiweg.de\/wp-content\/uploads\/2022\/07\/Screenshot-2022-07-08-232944-flyer.png\"><img decoding=\"async\" loading=\"lazy\" width=\"570\" height=\"763\" src=\"http:\/\/www.tc-freiweg.de\/wp-content\/uploads\/2022\/07\/Screenshot-2022-07-08-232944-flyer-570x763.png\" alt=\"\" class=\"wp-image-3894\" srcset=\"http:\/\/www.tc-freiweg.de\/wp-content\/uploads\/2022\/07\/Screenshot-2022-07-08-232944-flyer-570x763.png 570w, http:\/\/www.tc-freiweg.de\/wp-content\/uploads\/2022\/07\/Screenshot-2022-07-08-232944-flyer-224x300.png 224w, http:\/\/www.tc-freiweg.de\/wp-content\/uploads\/2022\/07\/Screenshot-2022-07-08-232944-flyer.png 691w\" sizes=\"(max-width: 570px) 100vw, 570px\" \/><\/a><\/figure>\n<div class=\"wp-block-group is-layout-flow\">\n<div class=\"wp-block-group__inner-container\"><\/div>\n<\/div>\n","protected":false},"excerpt":{"rendered":"<p>Du bist 8 Jahre oder \u00e4lter, suchst eine neue Herausforderung f\u00fcr Deine Freizeit,mit toller Kameradschaft, neuen Freunden und m\u00f6chtest gerne ein Instrument wie Trommel, Querfl\u00f6te, Lyra, Pauke oder Becken erlernen?Dann ist das Tambourcorps \u201eFrei-Weg\u201c Wachtendonk genau das Richtige f\u00fcr Dich!Bei uns ist jeder herzlich Willkommen! F\u00fcr die Ausbildung und Proben des Tambourcorps \u201eFrei-Weg\u201c Wachtendonk steht [&hellip;]<\/p>\n","protected":false},"author":1,"featured_media":0,"parent":0,"menu_order":0,"comment_status":"closed","ping_status":"closed","template":"","meta":[],"_links":{"self":[{"href":"http:\/\/www.tc-freiweg.de\/index.php?rest_route=\/wp\/v2\/pages\/2047"}],"collection":[{"href":"http:\/\/www.tc-freiweg.de\/index.php?rest_route=\/wp\/v2\/pages"}],"about":[{"href":"http:\/\/www.tc-freiweg.de\/index.php?rest_route=\/wp\/v2\/types\/page"}],"author":[{"embeddable":true,"href":"http:\/\/www.tc-freiweg.de\/index.php?rest_route=\/wp\/v2\/users\/1"}],"replies":[{"embeddable":true,"href":"http:\/\/www.tc-freiweg.de\/index.php?rest_route=%2Fwp%2Fv2%2Fcomments&post=2047"}],"version-history":[{"count":36,"href":"http:\/\/www.tc-freiweg.de\/index.php?rest_route=\/wp\/v2\/pages\/2047\/revisions"}],"predecessor-version":[{"id":3971,"href":"http:\/\/www.tc-freiweg.de\/index.php?rest_route=\/wp\/v2\/pages\/2047\/revisions\/3971"}],"wp:attachment":[{"href":"http:\/\/www.tc-freiweg.de\/index.php?rest_route=%2Fwp%2Fv2%2Fmedia&parent=2047"}],"curies":[{"name":"wp","href":"https:\/\/api.w.org\/{rel}","templated":true}]}}